{"id":743,"date":"2024-09-18T04:32:42","date_gmt":"2024-09-18T04:32:42","guid":{"rendered":"https:\/\/cr.testapps.mx\/quienes-somos\/"},"modified":"2024-12-02T18:36:40","modified_gmt":"2024-12-02T18:36:40","slug":"who-we-are","status":"publish","type":"page","link":"https:\/\/corazonraiz.org\/en\/who-we-are\/","title":{"rendered":"Get to Know Us"},"content":{"rendered":"<p>[vc_section full_width=&#8221;stretch_row_content&#8221; css_animation=&#8221;slideInUp&#8221;][vc_row full_width=&#8221;stretch_row_content_no_spaces&#8221;][vc_column]<header class=\"headers-page mb-5\" style=\"background-image: url(https:\/\/corazonraiz.org\/wp-content\/uploads\/2024\/09\/hero-proyectos.webp);\">\n                    <div class=\"page-title d-flex justify-content-center align-items-lg-center align-items-end text-white py-3\">\n                        <h1 class=\"text-center my-3 text-uppercase text-crayon\">Get to Know Us<\/h1>\n                    <\/div>\n                <\/header>[\/vc_column][\/vc_row][\/vc_section][vc_section][vc_row][vc_column][vc_row_inner equal_height=&#8221;yes&#8221; content_placement=&#8221;middle&#8221; el_class=&#8221;container mx-auto&#8221;][vc_column_inner width=&#8221;2\/5&#8243;][vc_single_image image=&#8221;203&#8243; img_size=&#8221;full&#8221; alignment=&#8221;center&#8221; css_animation=&#8221;bottom-to-top&#8221;][\/vc_column_inner][vc_column_inner width=&#8221;3\/5&#8243;]\n            <div class=\"contenedor-titulo-destacado  wpb_animate_when_almost_visible wpb_fadeInUp fadeInUp mb-3\">\n                <h2 id=\"\" class=\"h4 text-crayon text-start \" style=\"color:#f6861f;\">\n                    How did Coraz\u00f3n Ra\u00edz begin?\n                <\/h2>\n            <\/div>\n        [vc_column_text css_animation=&#8221;fadeInUp&#8221;]Coraz\u00f3n Ra\u00edz was <strong>founded in 2021 to promote education in vulnerable indigenous and rural communities<\/strong>, as we are convinced that education is the path to achieving sustainable change.<\/p>\n<p>Our co-founder and director, Fernanda de la Cerda, started her journey as a volunteer in various organizations in Mexico and abroad, where she witnessed firsthand the positive impact that civil society organizations can have and the immense amount of unmet needs.<\/p>\n<p>This learning led her to establish Coraz\u00f3n Ra\u00edz, convinced that Mexican talent and heart are so great that they can transcend borders and positively impact not only Mexico but also vulnerable countries around the world.[\/vc_column_text][\/vc_column_inner][\/vc_row_inner][\/vc_column][\/vc_row][\/vc_section][vc_section full_width=&#8221;stretch_row_content&#8221; css_animation=&#8221;slideInRight&#8221;][vc_row el_class=&#8221;bg-quienes&#8221;][vc_column][vc_empty_space height=&#8221;53px&#8221;][vc_row_inner equal_height=&#8221;yes&#8221; content_placement=&#8221;middle&#8221; el_class=&#8221;container mx-auto&#8221;][vc_column_inner width=&#8221;2\/5&#8243;]\n            <div class=\"contenedor-titulo-destacado  wpb_animate_when_almost_visible wpb_fadeInLeft fadeInLeft mb-3\">\n                <h2 id=\"nos-mueve\" class=\"h4 text-crayon text-start \" style=\"color:#f98401;\">\n                    What drives us?\n                <\/h2>\n            <\/div>\n        [vc_column_text css_animation=&#8221;fadeInLeft&#8221;]<\/p>\n<p class=\"h2\"><strong>Collaboration to <\/strong>promote development<\/p>\n<p>At Fundaci\u00f3n Coraz\u00f3n Ra\u00edz, we believe in collaboration to foster the development of the most vulnerable communities, always starting from active listening and involvement to jointly identify areas of opportunity and projects that benefit the sustainability of the community.[\/vc_column_text][vc_btn title=&#8221;I want to help&#8221; style=&#8221;custom&#8221; custom_background=&#8221;#f98401&#8243; custom_text=&#8221;#ffffff&#8221; css_animation=&#8221;fadeInLeft&#8221; el_class=&#8221;btn-donar&#8221;][\/vc_column_inner][vc_column_inner width=&#8221;3\/5&#8243;][vc_single_image image=&#8221;1417&#8243; img_size=&#8221;full&#8221; css_animation=&#8221;fadeInLeft&#8221;][\/vc_column_inner][\/vc_row_inner][vc_empty_space][\/vc_column][\/vc_row][\/vc_section][vc_section][vc_row][vc_column][vc_row_inner equal_height=&#8221;yes&#8221; content_placement=&#8221;middle&#8221; el_class=&#8221;container mx-auto&#8221;][vc_column_inner width=&#8221;1\/2&#8243;][vc_empty_space]\n            <div class=\"contenedor-titulo-destacado  mb-3\">\n                <h2 id=\"proposito\" class=\"h4 text-crayon text-start \" style=\"color:#f6861f;\">\n                    Our Purpose\n                <\/h2>\n            <\/div>\n        [vc_column_text]<\/p>\n<p class=\"h2\"><strong>Mission<\/strong><\/p>\n<p><strong>To promote educational projects in indigenous and rural communities worldwide <\/strong> through collaboration strategies and programs that provide equitable, quality education to children, youth, and adults, aiming to support the comprehensive development of the community and reduce inequalities.[\/vc_column_text][\/vc_column_inner][vc_column_inner width=&#8221;1\/2&#8243;][vc_empty_space]\n            <div class=\"contenedor-titulo-destacado  mb-3\">\n                <h2 id=\"metas\" class=\"h4 text-crayon text-start \" style=\"color:#f6861f;\">\n                    Our Goal\n                <\/h2>\n            <\/div>\n        [vc_column_text]<\/p>\n<p class=\"h2\"><strong>Vision<\/strong><\/p>\n<p>To be an organization that provides equitable educational solutions to children, youth, and adults living in vulnerable indigenous and rural communities, recognized for the quality of its services and the excellence of our human capital.[\/vc_column_text][\/vc_column_inner][\/vc_row_inner][\/vc_column][\/vc_row][\/vc_section][vc_section][vc_row][vc_column][vc_row_inner equal_height=&#8221;yes&#8221; content_placement=&#8221;middle&#8221; el_class=&#8221;container mx-auto&#8221;][vc_column_inner width=&#8221;1\/4&#8243;]\n            <div class=\"contenedor-titulo-destacado  wpb_animate_when_almost_visible wpb_fadeInUp fadeInUp mb-3\">\n                <h2 id=\"nuestras-raices\" class=\"h4 text-crayon text-start \" style=\"color:#f6861f;\">\n                    Our Roots\n                <\/h2>\n            <\/div>\n        [vc_column_text css_animation=&#8221;bottom-to-top&#8221;]<span style=\"font-weight: 400;\">Our roots are the values that define us and guide our path, always with our feet firmly on the ground and close to the community.<\/span>[\/vc_column_text][\/vc_column_inner][vc_column_inner width=&#8221;3\/4&#8243;][vc_single_image image=&#8221;1329&#8243; img_size=&#8221;full&#8221; alignment=&#8221;center&#8221; css_animation=&#8221;bottom-to-top&#8221; el_class=&#8221;d-none d-lg-block&#8221;][vc_single_image image=&#8221;1332&#8243; img_size=&#8221;full&#8221; alignment=&#8221;center&#8221; css_animation=&#8221;bottom-to-top&#8221; el_class=&#8221;d-lg-none&#8221;][\/vc_column_inner][\/vc_row_inner][\/vc_column][\/vc_row][\/vc_section][vc_section][vc_row][vc_column][vc_empty_space][vc_row_inner equal_height=&#8221;yes&#8221; content_placement=&#8221;middle&#8221; el_class=&#8221;container mx-auto px-0&#8243;][vc_column_inner css=&#8221;.vc_custom_1729660220866{padding: 0px !important;}&#8221;]\n            <div class=\"contenedor-titulo-destacado  wpb_animate_when_almost_visible wpb_fadeInUp fadeInUp mb-3\">\n                <h2 id=\"conoce-al-equipo\" class=\"h4 text-crayon text-center \" style=\"color:#f6861f;\">\n                    MEET THE TEAM\n                <\/h2>\n            <\/div>\n        [vc_column_text css_animation=&#8221;fadeInUp&#8221;]<\/p>\n<p class=\"h2 text-center\">A group of collaborators <strong><br \/>\nfocused on making a change<\/strong>[\/vc_column_text][\/vc_column_inner][\/vc_row_inner][\/vc_column][\/vc_row][vc_row css_animation=&#8221;zoomInDown&#8221;][vc_column][vc_row_inner equal_height=&#8221;yes&#8221; content_placement=&#8221;middle&#8221; el_class=&#8221;container mx-auto px-0&#8243;][vc_column_inner css=&#8221;.vc_custom_1729660220866{padding: 0px !important;}&#8221;]\n            <div class=\"slide-team position-relative\">\n              <a href=\"javascript:void(0)\" class=\"swiper-button-next  text-decoration-none text-primary \"><\/a>\n              <a href=\"javascript:void(0)\" class=\"swiper-button-prev  text-decoration-none text-primary \"><\/a>\n              <div class=\" mx-5\" style=\"overflow: hidden;\">\n                  <div id=\"slide-69fb4fe415dca\" class=\"swiper-container\" data-view-desktop=\"4\" data-view-tablet=\"1\" data-view-mobile=\"1\" data-autoplay=\"false\" data-pagination=\"false\" data-prev-next-buttons=\"true\" data-slider-loop=\"true\">\n                      <div class=\"swiper-wrapper \">\n                          <div class=\"swiper-slide text-center \">\n                            <div class=\"tarjeta-personal px-lg-2\">\n                              <img decoding=\"async\" src=\"https:\/\/corazonraiz.org\/wp-content\/uploads\/2024\/11\/Perfil-MFCS-1.jpg\" class=\"foto-perfil ratio rounded img-fluid\" title=\"\" alt=\"\">\n                              <div class=\"d-flex flex-column align-items-center p-4 justify-content-center mx-auto\">\n                                <p class=\"h4 fw-bold text-center\">Fernanda de la Cerda<\/p>\n                                <p class=\"text-primary text-center\">General Director and Co-founder<\/p>\n                              <\/div>\n                            <\/div>\n                          <\/div>\n                          <div class=\"swiper-slide text-center \">\n                            <div class=\"tarjeta-personal px-lg-2\">\n                              <img decoding=\"async\" src=\"https:\/\/corazonraiz.org\/wp-content\/uploads\/2024\/11\/Joaquin-Esquivel-1.jpg\" class=\"foto-perfil ratio rounded img-fluid\" title=\"\" alt=\"\">\n                              <div class=\"d-flex flex-column align-items-center p-4 justify-content-center mx-auto\">\n                                <p class=\"h4 fw-bold text-center\">Joaqu\u00edn Esquivel<\/p>\n                                <p class=\"text-primary text-center\">Legal Representative<\/p>\n                              <\/div>\n                            <\/div>\n                          <\/div>\n                          <div class=\"swiper-slide text-center \">\n                            <div class=\"tarjeta-personal px-lg-2\">\n                              <img decoding=\"async\" src=\"https:\/\/corazonraiz.org\/wp-content\/uploads\/2024\/11\/Ana-de-la-Cerda-1.jpg\" class=\"foto-perfil ratio rounded img-fluid\" title=\"\" alt=\"\">\n                              <div class=\"d-flex flex-column align-items-center p-4 justify-content-center mx-auto\">\n                                <p class=\"h4 fw-bold text-center\">Ana Cristina de la Cerda<\/p>\n                                <p class=\"text-primary text-center\">Co-founder and Associate<\/p>\n                              <\/div>\n                            <\/div>\n                          <\/div>\n                          <div class=\"swiper-slide text-center \">\n                            <div class=\"tarjeta-personal px-lg-2\">\n                              <img decoding=\"async\" src=\"https:\/\/corazonraiz.org\/wp-content\/uploads\/2024\/11\/Nathalia-Hernandez-2.png\" class=\"foto-perfil ratio rounded img-fluid\" title=\"\" alt=\"\">\n                              <div class=\"d-flex flex-column align-items-center p-4 justify-content-center mx-auto\">\n                                <p class=\"h4 fw-bold text-center\">Nathalia Hern\u00e1ndez<\/p>\n                                <p class=\"text-primary text-center\">Fundraising Coordinator<\/p>\n                              <\/div>\n                            <\/div>\n                          <\/div>          \n                      <\/div>                    \n                      <div class=\"swiper-pagination\"><\/div>\n                      \n                  <\/div>\n              <\/div>\n            <\/div>[\/vc_column_inner][\/vc_row_inner][vc_empty_space][\/vc_column][\/vc_row][\/vc_section][vc_section el_class=&#8221;bg-que-hacemos position-relative pt-lg-5&#8243;][vc_row el_class=&#8221;container mx-auto px-lg-5&#8243;][vc_column][vc_empty_space][vc_row_inner equal_height=&#8221;yes&#8221; content_placement=&#8221;middle&#8221; el_class=&#8221;container mx-auto&#8221;][vc_column_inner]\n            <div class=\"contenedor-titulo-destacado  wpb_animate_when_almost_visible wpb_fadeInUp fadeInUp mb-3\">\n                <h2 id=\"\" class=\"h4 text-crayon text-center \" style=\"color:#f98401;\">\n                    So, what do we do?\n                <\/h2>\n            <\/div>\n        [vc_column_text css_animation=&#8221;fadeInUp&#8221; el_class=&#8221;text-white text-center&#8221;]<\/p>\n<p class=\"h2\"><strong>We co-create educational projects <\/strong>in the community<\/p>\n<p>At Fundaci\u00f3n Coraz\u00f3n Ra\u00edz, we believe that collaboration is the key to fostering the development of the most vulnerable communities.[\/vc_column_text][\/vc_column_inner][\/vc_row_inner][vc_row_inner equal_height=&#8221;yes&#8221; content_placement=&#8221;middle&#8221; el_class=&#8221;container mx-auto&#8221;][vc_column_inner]<div class=\"row card-home   wpb_animate_when_almost_visible wpb_fadeInUp fadeInUp \">\n            <div class=\"col-12 col-lg-4\">\n                <div class=\"card my-3 border-0\">\n                    <img decoding=\"async\" src=\"https:\/\/corazonraiz.org\/wp-content\/uploads\/2024\/09\/Sostenibilidad.png\" class=\"card-img-top\" alt=\"Educational Infrastructure\">\n                    <div class=\"card-body card-que-hacemos text-center d-grid  pt-3 px-1 pb-1\">\n                        <h5 class=\"card-title fw-bold h5 mb-0\">Educational Infrastructure<\/h5>\n                        <div class=\"card-text small\">Support for the development of adequate educational facilities that contribute to better learning for students.<\/div>\n                        <a href=\"https:\/\/cr.testapps.mx\/en\/how-to-help\/\" target=\"\" class=\"btn mt-auto btn-primary fw-bold text-white\">I want to donate<\/a>\n                    <\/div>\n                <\/div>\n            <\/div>\n            <div class=\"col-12 col-lg-4\">\n                <div class=\"card my-3 border-0\">\n                    <img decoding=\"async\" src=\"https:\/\/corazonraiz.org\/wp-content\/uploads\/2024\/09\/Capacitacion.png\" class=\"card-img-top\" alt=\"Training and Empowerment\n\">\n                    <div class=\"card-body card-que-hacemos text-center d-grid  pt-3 px-1 pb-1\">\n                        <h5 class=\"card-title fw-bold h5 mb-0\">Training and Empowerment\n<\/h5>\n                        <div class=\"card-text small\">Training that promotes the development of skills and competencies in communities to foster their comprehensive development.<\/div>\n                        <a href=\"https:\/\/cr.testapps.mx\/en\/how-to-help\/\" target=\"_blank\" class=\"btn mt-auto btn-primary fw-bold text-white\">I want to donate<\/a>\n                    <\/div>\n                <\/div>\n            <\/div>\n            <div class=\"col-12 col-lg-4\">\n                <div class=\"card my-3 border-0\">\n                    <img decoding=\"async\" src=\"https:\/\/corazonraiz.org\/wp-content\/uploads\/2024\/09\/Infraestructura.png\" class=\"card-img-top\" alt=\"Sustainability and Institutional Development \">\n                    <div class=\"card-body card-que-hacemos text-center d-grid  pt-3 px-1 pb-1\">\n                        <h5 class=\"card-title fw-bold h5 mb-0\">Sustainability and Institutional Development <\/h5>\n                        <div class=\"card-text small\">Support and guidance for strengthening organizational structure and fundraising and management of funds, enabling them to achieve sustainability.<\/div>\n                        <a href=\"https:\/\/cr.testapps.mx\/en\/how-to-help\/\" target=\"\" class=\"btn mt-auto btn-primary fw-bold text-white\">I want to donate<\/a>\n                    <\/div>\n                <\/div>\n            <\/div><\/div>[\/vc_column_inner][\/vc_row_inner][\/vc_column][\/vc_row][\/vc_section][vc_section css=&#8221;.vc_custom_1727411634767{margin-top: -13px !important;}&#8221;][vc_row el_class=&#8221;bg-procesos&#8221;][vc_column][vc_empty_space height=&#8221;250px&#8221;][vc_row_inner equal_height=&#8221;yes&#8221; content_placement=&#8221;middle&#8221; el_class=&#8221;container mx-auto&#8221;][vc_column_inner][vc_single_image image=&#8221;1337&#8243; img_size=&#8221;full&#8221; alignment=&#8221;center&#8221; css_animation=&#8221;fadeInRight&#8221; el_class=&#8221;d-none d-lg-block&#8221;][vc_single_image image=&#8221;1335&#8243; img_size=&#8221;full&#8221; alignment=&#8221;center&#8221; css_animation=&#8221;fadeInRight&#8221; el_class=&#8221;d-lg-none&#8221;][\/vc_column_inner][\/vc_row_inner][\/vc_column][\/vc_row][\/vc_section][vc_section css_animation=&#8221;none&#8221;][vc_row el_class=&#8221;bg-ayudanos&#8221;][vc_column][vc_empty_space][vc_row_inner el_class=&#8221;container mx-auto&#8221;][vc_column_inner width=&#8221;1\/3&#8243;][\/vc_column_inner][vc_column_inner el_class=&#8221;bg-white shadow-sm rounded-3&#8243; width=&#8221;1\/3&#8243;][vc_empty_space height=&#8221;21.73913043px&#8221;]\n            <div class=\"contenedor-titulo-destacado  wpb_animate_when_almost_visible wpb_bounceInRight bounceInRight mb-3\">\n                <h2 id=\"\" class=\"h4 text-crayon text-center \" style=\"color:#f98401;\">\n                    We need your help\n                <\/h2>\n            <\/div>\n        [vc_column_text css_animation=&#8221;fadeInLeft&#8221; el_class=&#8221;text-center&#8221;]As a donor to Fundaci\u00f3n Coraz\u00f3n Ra\u00edz, <strong>we ensure that your donation reaches those who need<\/strong> it most, responsibly and transparently.[\/vc_column_text][vc_btn title=&#8221;I want to help&#8221; style=&#8221;custom&#8221; custom_background=&#8221;#f98401&#8243; custom_text=&#8221;#ffffff&#8221; align=&#8221;center&#8221; css_animation=&#8221;fadeInRight&#8221; el_class=&#8221;btn-donar&#8221; link=&#8221;url:https%3A%2F%2Fcr.testapps.mx%2Fen%2Fhow-to-help%2F|title:%C2%BFC%C3%B3mo%20ayudar%3F|&#8221;][\/vc_column_inner][vc_column_inner width=&#8221;1\/3&#8243;][\/vc_column_inner][\/vc_row_inner][vc_empty_space height=&#8221;47px&#8221;][\/vc_column][\/vc_row][\/vc_section]<\/p>\n","protected":false},"excerpt":{"rendered":"<p>[vc_section full_width=&#8221;stretch_row_content&#8221; css_animation=&#8221;slideInUp&#8221;][vc_row full_width=&#8221;stretch_row_content_no_spaces&#8221;][vc_column][\/vc_column][\/vc_row][\/vc_section][vc_section][vc_row][vc_column][vc_row_inner equal_height=&#8221;yes&#8221; content_placement=&#8221;middle&#8221; el_class=&#8221;container mx-auto&#8221;][vc_column_inner width=&#8221;2\/5&#8243;][vc_single_image image=&#8221;203&#8243; img_size=&#8221;full&#8221; alignment=&#8221;center&#8221; css_animation=&#8221;bottom-to-top&#8221;][\/vc_column_inner][vc_column_inner width=&#8221;3\/5&#8243;][vc_column_text css_animation=&#8221;fadeInUp&#8221;]Coraz\u00f3n Ra\u00edz was founded in 2021 to promote education in vulnerable indigenous and rural communities, as we are convinced that education is the path to achieving sustainable change. Our co-founder and director, Fernanda de la Cerda, started her journey as a [&#8230;]<\/p>\n<p><a class=\"btn btn-secondary understrap-read-more-link\" href=\"https:\/\/corazonraiz.org\/en\/who-we-are\/\">Read More&#8230;<span class=\"screen-reader-text\"> from Get to Know Us<\/span><\/a><\/p>\n","protected":false},"author":4,"featured_media":0,"parent":0,"menu_order":0,"comment_status":"closed","ping_status":"closed","template":"page-templates\/no-title.php","meta":{"give_campaign_id":0,"footnotes":""},"class_list":["post-743","page","type-page","status-publish","hentry"],"campaignId":"","_links":{"self":[{"href":"https:\/\/corazonraiz.org\/en\/wp-json\/wp\/v2\/pages\/743","targetHints":{"allow":["GET"]}}],"collection":[{"href":"https:\/\/corazonraiz.org\/en\/wp-json\/wp\/v2\/pages"}],"about":[{"href":"https:\/\/corazonraiz.org\/en\/wp-json\/wp\/v2\/types\/page"}],"author":[{"embeddable":true,"href":"https:\/\/corazonraiz.org\/en\/wp-json\/wp\/v2\/users\/4"}],"replies":[{"embeddable":true,"href":"https:\/\/corazonraiz.org\/en\/wp-json\/wp\/v2\/comments?post=743"}],"version-history":[{"count":10,"href":"https:\/\/corazonraiz.org\/en\/wp-json\/wp\/v2\/pages\/743\/revisions"}],"predecessor-version":[{"id":1449,"href":"https:\/\/corazonraiz.org\/en\/wp-json\/wp\/v2\/pages\/743\/revisions\/1449"}],"wp:attachment":[{"href":"https:\/\/corazonraiz.org\/en\/wp-json\/wp\/v2\/media?parent=743"}],"curies":[{"name":"wp","href":"https:\/\/api.w.org\/{rel}","templated":true}]}}