{"id":749,"date":"2024-09-18T04:28:51","date_gmt":"2024-09-18T04:28:51","guid":{"rendered":"https:\/\/cr.testapps.mx\/contact\/"},"modified":"2024-12-02T18:58:35","modified_gmt":"2024-12-02T18:58:35","slug":"contact","status":"publish","type":"page","link":"https:\/\/corazonraiz.org\/en\/contact\/","title":{"rendered":"Contact"},"content":{"rendered":"<p>[vc_section full_width=&#8221;stretch_row_content&#8221; css_animation=&#8221;slideInUp&#8221;][vc_row full_width=&#8221;stretch_row_content_no_spaces&#8221;][vc_column]<header class=\"headers-page mb-5\" style=\"background-image: url(https:\/\/corazonraiz.org\/wp-content\/uploads\/2024\/09\/hero-noticias-scaled.webp);\">\n                    <div class=\"page-title d-flex justify-content-center align-items-lg-center align-items-end text-white py-3\">\n                        <h1 class=\"text-center my-3 text-uppercase text-crayon\">Contact<\/h1>\n                    <\/div>\n                <\/header>[\/vc_column][\/vc_row][\/vc_section][vc_section css_animation=&#8221;slideInUp&#8221;][vc_row el_class=&#8221;container mx-auto px-lg-5&#8243;][vc_column][vc_row_inner equal_height=&#8221;yes&#8221; el_class=&#8221;container mx-auto&#8221;][vc_column_inner width=&#8221;1\/2&#8243;][vc_empty_space][vc_column_text]<\/p>\n<p class=\"h3\" style=\"color: #0d6e8f;\"><strong>Receive personalized<br \/>\nguidance<\/strong><\/p>\n<p>&nbsp;<\/p>\n<p>Do you have questions or want to collaborate?<\/p>\n<p>Contact us! We are here to listen to you and work together for a brighter educational future.<\/p>\n<p><strong>Phone<\/strong><br \/>\n<a href=\"tel:015525812160\">(01 55) 64 23 64 61<\/a><\/p>\n<p><strong>Email<\/strong><br \/>\n<a href=\"mailto:contacto@corazonraiz.com\">contacto@corazonraiz.org<\/a>[\/vc_column_text][\/vc_column_inner][vc_column_inner width=&#8221;1\/2&#8243;][vc_empty_space][vc_column_text]<strong>Leave us your message<\/strong>[\/vc_column_text]\n<div class=\"wpcf7 no-js\" id=\"wpcf7-f1300-o1\" lang=\"en-US\" dir=\"ltr\" data-wpcf7-id=\"1300\">\n<div class=\"screen-reader-response\"><p role=\"status\" aria-live=\"polite\" aria-atomic=\"true\"><\/p> <ul><\/ul><\/div>\n<form action=\"\/en\/wp-json\/wp\/v2\/pages\/749#wpcf7-f1300-o1\" method=\"post\" class=\"wpcf7-form init\" aria-label=\"Contact form\" novalidate=\"novalidate\" data-status=\"init\">\n<div style=\"display: none;\">\n<input type=\"hidden\" name=\"_wpcf7\" value=\"1300\" \/>\n<input type=\"hidden\" name=\"_wpcf7_version\" value=\"6.0.6\" \/>\n<input type=\"hidden\" name=\"_wpcf7_locale\" value=\"en_US\" \/>\n<input type=\"hidden\" name=\"_wpcf7_unit_tag\" value=\"wpcf7-f1300-o1\" \/>\n<input type=\"hidden\" name=\"_wpcf7_container_post\" value=\"0\" \/>\n<input type=\"hidden\" name=\"_wpcf7_posted_data_hash\" value=\"\" \/>\n<\/div>\n<div class=\"cf7-form\">\n\t<div class=\"row\">\n\t\t<div class=\"col-12 \">\n\t\t\t<p><span class=\"wpcf7-form-control-wrap\" data-name=\"nombre\"><input size=\"40\" maxlength=\"400\" class=\"wpcf7-form-control wpcf7-text wpcf7-validates-as-required\" aria-required=\"true\" aria-invalid=\"false\" placeholder=\"Name\" value=\"\" type=\"text\" name=\"nombre\" \/><\/span>\n\t\t\t<\/p>\n\t\t<\/div>\n\t\t<div class=\"col-12 \">\n\t\t\t<p><span class=\"wpcf7-form-control-wrap\" data-name=\"correo-electronico\"><input size=\"40\" maxlength=\"400\" class=\"wpcf7-form-control wpcf7-email wpcf7-validates-as-required wpcf7-text wpcf7-validates-as-email\" aria-required=\"true\" aria-invalid=\"false\" placeholder=\"Email\" value=\"\" type=\"email\" name=\"correo-electronico\" \/><\/span>\n\t\t\t<\/p>\n\t\t<\/div>\n\t<\/div>\n\t<div class=\"row\">\n\t\t<div class=\"col-12\">\n\t\t\t<p><span class=\"wpcf7-form-control-wrap\" data-name=\"telefono\"><input size=\"40\" maxlength=\"400\" class=\"wpcf7-form-control wpcf7-tel wpcf7-validates-as-required wpcf7-text wpcf7-validates-as-tel numbersOnly\" aria-required=\"true\" aria-invalid=\"false\" placeholder=\"Phone\" value=\"\" type=\"tel\" name=\"telefono\" \/><\/span>\n\t\t\t<\/p>\n\t\t<\/div>\n\t<\/div>\n\t<div class=\"row\">\n\t\t<div class=\"col-12 \">\n\t\t\t<p><span class=\"wpcf7-form-control-wrap\" data-name=\"asunto\"><input size=\"40\" maxlength=\"400\" class=\"wpcf7-form-control wpcf7-text wpcf7-validates-as-required\" aria-required=\"true\" aria-invalid=\"false\" placeholder=\"Subject\" value=\"\" type=\"text\" name=\"asunto\" \/><\/span>\n\t\t\t<\/p>\n\t\t<\/div>\n\t<\/div>\n\t<div class=\"row\">\n\t\t<div class=\"col-12\">\n\t\t\t<p><span class=\"wpcf7-form-control-wrap\" data-name=\"mensaje\"><textarea cols=\"40\" rows=\"10\" maxlength=\"2000\" class=\"wpcf7-form-control wpcf7-textarea\" aria-invalid=\"false\" placeholder=\"Message\" name=\"mensaje\"><\/textarea><\/span>\n\t\t\t<\/p>\n\t\t<\/div>\n\t<\/div>\n\t<div class=\"row\">\n\t\t<div class=\"col-12\">\n\t\t\t<p><span class=\"wpcf7-form-control-wrap\" data-name=\"aviso-privacidad\"><span class=\"wpcf7-form-control wpcf7-checkbox wpcf7-validates-as-required\"><span class=\"wpcf7-list-item first last\"><label><input type=\"checkbox\" name=\"aviso-privacidad[]\" value=\"I have read and accept the privacy notice.\" \/><span class=\"wpcf7-list-item-label\">I have read and accept the privacy notice.<\/span><\/label><\/span><\/span><\/span>\n\t\t\t<\/p>\n\t\t<\/div>\n\t\t<div class=\"col-12\">\n\t\t\t<p><span class=\"wpcf7-form-control-wrap\" data-name=\"recibir-comunicacion\"><span class=\"wpcf7-form-control wpcf7-checkbox\"><span class=\"wpcf7-list-item first last\"><label><input type=\"checkbox\" name=\"recibir-comunicacion[]\" value=\"I agree to receive communication from Fundaci\u00f3n Coraz\u00f3n Ra\u00edz\" \/><span class=\"wpcf7-list-item-label\">I agree to receive communication from Fundaci\u00f3n Coraz\u00f3n Ra\u00edz<\/span><\/label><\/span><\/span><\/span>\n\t\t\t<\/p>\n\t\t<\/div>\n\t<\/div>\n\t<div class=\"row\">\n\t\t<div class=\"col-12 col-lg-6\">\n\t\t<\/div>\n\t\t<div class=\"col-12 col-lg-6\">\n\t\t\t<p><input class=\"wpcf7-form-control wpcf7-submit has-spinner btn-secondary\" type=\"submit\" value=\"Send message\" \/>\n\t\t\t<\/p>\n\t\t<\/div>\n\t<\/div>\n<\/div><input type='hidden' class='wpcf7-pum' value='{\"closepopup\":false,\"closedelay\":0,\"openpopup\":false,\"openpopup_id\":0}' \/><div class=\"wpcf7-response-output\" aria-hidden=\"true\"><\/div>\n<\/form>\n<\/div>\n[\/vc_column_inner][\/vc_row_inner][\/vc_column][\/vc_row][\/vc_section]<\/p>\n","protected":false},"excerpt":{"rendered":"<p>[vc_section full_width=&#8221;stretch_row_content&#8221; css_animation=&#8221;slideInUp&#8221;][vc_row full_width=&#8221;stretch_row_content_no_spaces&#8221;][vc_column][\/vc_column][\/vc_row][\/vc_section][vc_section css_animation=&#8221;slideInUp&#8221;][vc_row el_class=&#8221;container mx-auto px-lg-5&#8243;][vc_column][vc_row_inner equal_height=&#8221;yes&#8221; el_class=&#8221;container mx-auto&#8221;][vc_column_inner width=&#8221;1\/2&#8243;][vc_empty_space][vc_column_text] Receive personalized guidance &nbsp; Do you have questions or want to collaborate? Contact us! We are here to listen to you and work together for a brighter educational future. Phone (01 55) 64 23 64 61 Email contacto@corazonraiz.org[\/vc_column_text][\/vc_column_inner][vc_column_inner width=&#8221;1\/2&#8243;][vc_empty_space][vc_column_text]Leave us your message[\/vc_column_text][\/vc_column_inner][\/vc_row_inner][\/vc_column][\/vc_row][\/vc_section] [&#8230;]<\/p>\n<p><a class=\"btn btn-secondary understrap-read-more-link\" href=\"https:\/\/corazonraiz.org\/en\/contact\/\">Read More&#8230;<span class=\"screen-reader-text\"> from Contact<\/span><\/a><\/p>\n","protected":false},"author":4,"featured_media":0,"parent":0,"menu_order":0,"comment_status":"closed","ping_status":"closed","template":"page-templates\/no-title.php","meta":{"give_campaign_id":0,"footnotes":""},"class_list":["post-749","page","type-page","status-publish","hentry"],"campaignId":"","_links":{"self":[{"href":"https:\/\/corazonraiz.org\/en\/wp-json\/wp\/v2\/pages\/749","targetHints":{"allow":["GET"]}}],"collection":[{"href":"https:\/\/corazonraiz.org\/en\/wp-json\/wp\/v2\/pages"}],"about":[{"href":"https:\/\/corazonraiz.org\/en\/wp-json\/wp\/v2\/types\/page"}],"author":[{"embeddable":true,"href":"https:\/\/corazonraiz.org\/en\/wp-json\/wp\/v2\/users\/4"}],"replies":[{"embeddable":true,"href":"https:\/\/corazonraiz.org\/en\/wp-json\/wp\/v2\/comments?post=749"}],"version-history":[{"count":10,"href":"https:\/\/corazonraiz.org\/en\/wp-json\/wp\/v2\/pages\/749\/revisions"}],"predecessor-version":[{"id":1451,"href":"https:\/\/corazonraiz.org\/en\/wp-json\/wp\/v2\/pages\/749\/revisions\/1451"}],"wp:attachment":[{"href":"https:\/\/corazonraiz.org\/en\/wp-json\/wp\/v2\/media?parent=749"}],"curies":[{"name":"wp","href":"https:\/\/api.w.org\/{rel}","templated":true}]}}