{"id":762,"date":"2024-09-24T03:52:12","date_gmt":"2024-09-24T03:52:12","guid":{"rendered":"https:\/\/cr.testapps.mx\/how-to-help\/"},"modified":"2024-12-02T18:57:42","modified_gmt":"2024-12-02T18:57:42","slug":"how-to-help","status":"publish","type":"page","link":"https:\/\/corazonraiz.org\/en\/how-to-help\/","title":{"rendered":"How to help?"},"content":{"rendered":"<p>[vc_section full_width=&#8221;stretch_row_content&#8221; css_animation=&#8221;slideInUp&#8221;][vc_row full_width=&#8221;stretch_row_content_no_spaces&#8221;][vc_column]<header class=\"headers-page mb-5\" style=\"background-image: url(https:\/\/corazonraiz.org\/wp-content\/uploads\/2024\/09\/hero-noticias-scaled.webp);\">\n                    <div class=\"page-title d-flex justify-content-center align-items-lg-center align-items-end text-white py-3\">\n                        <h1 class=\"text-center my-3 text-uppercase text-crayon\">How to help?<\/h1>\n                    <\/div>\n                <\/header>[\/vc_column][\/vc_row][\/vc_section][vc_section][vc_row][vc_column][vc_row_inner equal_height=&#8221;yes&#8221; content_placement=&#8221;middle&#8221; el_class=&#8221;container mx-auto&#8221;][vc_column_inner]\n            <div class=\"contenedor-titulo-destacado  wpb_animate_when_almost_visible wpb_fadeInUp fadeInUp mb-3\">\n                <h2 id=\"formas-de-ayudar\" class=\"h4 text-crayon text-center \" style=\"color:#f6861f;\">\n                    THERE ARE 4 WAYS TO SUPPORT OUR PROJECTS\n                <\/h2>\n            <\/div>\n        [vc_column_text css_animation=&#8221;fadeInUp&#8221; el_class=&#8221;text-center&#8221;]<\/p>\n<p class=\"h3\">With your donation, <strong>you are supporting the development of vulnerable indigenous and rural communities.<\/strong><\/p>\n<p>[\/vc_column_text][\/vc_column_inner][\/vc_row_inner][\/vc_column][\/vc_row][\/vc_section][vc_section full_width=&#8221;stretch_row_content&#8221;][vc_row css_animation=&#8221;appear&#8221; css=&#8221;.vc_custom_1730920172659{background-color: #f7f7f7 !important;}&#8221;][vc_column][vc_empty_space height=&#8221;53px&#8221;][vc_row_inner equal_height=&#8221;yes&#8221; content_placement=&#8221;middle&#8221; el_class=&#8221;container mx-auto&#8221;][vc_column_inner width=&#8221;1\/2&#8243;]\n            <div class=\"contenedor-titulo-destacado  wpb_animate_when_almost_visible wpb_fadeInUp fadeInUp mb-3\">\n                <h2 id=\"apadrina-un-proyecto\" class=\"h4 text-crayon text-start \" style=\"color:#f98401;\">\n                    Sponsor a Project\n                <\/h2>\n            <\/div>\n        [vc_column_text css_animation=&#8221;fadeInUp&#8221;]<\/p>\n<p class=\"h2\"><strong>Make a cash donation<\/strong><\/p>\n<p>As a donor to Fundaci\u00f3n Coraz\u00f3n Ra\u00edz, we ensure your donation reaches those who need it most, responsibly and transparently.[\/vc_column_text][vc_btn title=&#8221;I want to help&#8221; style=&#8221;custom&#8221; custom_background=&#8221;#f98401&#8243; custom_text=&#8221;#ffffff&#8221; css_animation=&#8221;fadeInUp&#8221; el_class=&#8221;btn-donar&#8221;][\/vc_column_inner][vc_column_inner el_class=&#8221;bg-white shadow-sm grid-donacion&#8221; width=&#8221;1\/2&#8243;][vc_column_text css_animation=&#8221;none&#8221; el_class=&#8221;my-3 my-md-4&#8243;]<div class='root-data-givewp-embed' data-form-locale='en_US' data-form-url='https:\/\/corazonraiz.org\/?post_type=give_forms&amp;p=1324' data-form-view-url='https:\/\/corazonraiz.org\/en\/?givewp-route=donation-form-view&amp;form-id=1324' data-src='https:\/\/corazonraiz.org\/en\/?givewp-route=donation-form-view&amp;form-id=1324' data-givewp-embed-id='give-form-shortcode-1' data-form-format='' data-open-form-button='Donate now' style='--givewp-primary-color: #f6861f; --givewp-secondary-color: #222222;'><\/div>[\/vc_column_text][\/vc_column_inner][\/vc_row_inner][vc_empty_space height=&#8221;53px&#8221;][\/vc_column][\/vc_row][\/vc_section][vc_section][vc_row equal_height=&#8221;yes&#8221; content_placement=&#8221;top&#8221; css_animation=&#8221;fadeInUp&#8221;][vc_column][vc_empty_space height=&#8221;35px&#8221;][vc_row_inner equal_height=&#8221;yes&#8221; el_class=&#8221;filas-iguales&#8221;][vc_column_inner el_class=&#8221;order-1 order-md-0&#8243; width=&#8221;1\/3&#8243;][vc_column_text el_class=&#8221;bg-secondary text-white px-4 py-5 h-100&#8243;]<img loading=\"lazy\" decoding=\"async\" class=\"vc_single_image-img attachment-full\" src=\"https:\/\/corazonraiz.org\/wp-content\/uploads\/2024\/10\/icono-libro.svg\" alt=\"Donations for education\" width=\"133\" height=\"79\" \/><\/p>\n<p class=\"h4\"><strong>Donations for education<\/strong><\/p>\n<ul>\n<li>New or gently used books.<\/li>\n<li>Teaching materials for preschool and primary, school supplies.<\/li>\n<li>Computers or tablets.<\/li>\n<li>Sports equipment.<\/li>\n<\/ul>\n<p>[\/vc_column_text][\/vc_column_inner][vc_column_inner el_class=&#8221;order-2 order-md-1&#8243; width=&#8221;1\/3&#8243;][vc_column_text el_class=&#8221;bg-secondary text-white px-4 py-5 h-100&#8243;]<img loading=\"lazy\" decoding=\"async\" class=\"vc_single_image-img attachment-full\" src=\"https:\/\/corazonraiz.org\/wp-content\/uploads\/2024\/10\/icono-casa.svg\" alt=\"Donations for school infrastructure\" width=\"79\" height=\"82\" \/><\/p>\n<p class=\"h4\"><strong>Donations for school infrastructure<\/strong><\/p>\n<ul>\n<li>Cement, lime, rebar, sand, gravel, paint, waterproofing, windows, doors, etc.<\/li>\n<li>School furniture: chairs, tables, blackboards, bookshelves.<\/li>\n<\/ul>\n<p>[\/vc_column_text][\/vc_column_inner][vc_column_inner el_class=&#8221;order-0 order-md-2&#8243; width=&#8221;1\/3&#8243;]\n            <div class=\"contenedor-titulo-destacado  mb-3\">\n                <h2 id=\"dona-en-especie\" class=\"h4 text-crayon text-start \" style=\"color:#f6861f;\">\n                    DONATE IN KIND\n                <\/h2>\n            <\/div>\n        [vc_column_text]<\/p>\n<p class=\"h3\"><strong>We accept in-kind donations that can contribute to the development of our projects.<\/strong><\/p>\n<p>Everything counts, from books to chairs and tables, bringing us closer to making our projects a reality.[\/vc_column_text][vc_btn title=&#8221;How to donate?&#8221; style=&#8221;custom&#8221; custom_background=&#8221;#f98401&#8243; custom_text=&#8221;#ffffff&#8221; el_class=&#8221;btn-donar mb-lg-0&#8243;][\/vc_column_inner][\/vc_row_inner][\/vc_column][\/vc_row][\/vc_section][vc_section full_width=&#8221;stretch_row_content&#8221;][vc_row el_class=&#8221;bg-procesos&#8221;][vc_column][vc_empty_space height=&#8221;53px&#8221;][vc_row_inner equal_height=&#8221;yes&#8221; content_placement=&#8221;middle&#8221; el_class=&#8221;container mx-auto&#8221;][vc_column_inner width=&#8221;1\/2&#8243;]\n            <div class=\"contenedor-titulo-destacado  wpb_animate_when_almost_visible wpb_fadeInRight fadeInRight mb-3\">\n                <h2 id=\"voluntarios\" class=\"h4 text-crayon text-start \" style=\"color:#f98401;\">\n                    Become a Volunteer\n                <\/h2>\n            <\/div>\n        [vc_column_text css_animation=&#8221;fadeInRight&#8221;]<\/p>\n<p class=\"h2\"><strong>Virtually<\/strong> or on-site<\/p>\n<p>In this program, you will be in contact with people from different nationalities and backgrounds, helping us achieve our goal of strengthening and promoting community educational projects that enable the integral development of the community you are in.[\/vc_column_text][vc_column_text css_animation=&#8221;fadeInRight&#8221;]<\/p>\n<div class=\"row align-items-center my-3\">\n<div class=\"col-12 col-md-auto\"><img decoding=\"async\" src=\"https:\/\/corazonraiz.org\/wp-content\/uploads\/2024\/10\/mente-abierta.svg\" alt=\"open mind icon\" width=\"91\" \/><\/div>\n<div class=\"col-12 col-md-9\">\n<p><strong>It is essential to have an open mind,<\/strong> a willingness to serve, and a positive attitude, as well as absolute respect for the culture, country, and people involved in the project.<\/div>\n<\/div>\n<p>[\/vc_column_text][vc_column_text css_animation=&#8221;fadeInRight&#8221;]<\/p>\n<div class=\"row align-items-center my-3\">\n<div class=\"col-12 col-md-auto\"><img decoding=\"async\" src=\"https:\/\/corazonraiz.org\/wp-content\/uploads\/2024\/10\/aceptacion-voluntarios.svg\" alt=\"icon accepted\" width=\"91\" \/><\/div>\n<div class=\"col-12 col-md-9\">\n<p>Accepted <strong>volunteers<\/strong> in our Program <strong>will have clear responsibilities and objectives<\/strong> to support one of the active projects.<\/div>\n<\/div>\n<p>[\/vc_column_text][vc_column_text css_animation=&#8221;fadeInRight&#8221;]<\/p>\n<div class=\"row align-items-center my-3\">\n<div class=\"col-12 col-md-auto\"><img decoding=\"async\" src=\"https:\/\/corazonraiz.org\/wp-content\/uploads\/2024\/10\/duracion-voluntariado.svg\" alt=\"icon duration of volunteering\" width=\"91\" \/><\/div>\n<div class=\"col-12 col-md-9\">\n<p><strong>The duration of the volunteering will depend on the project<\/strong> for which you have applied and can be consulted directly with Coraz\u00f3n Ra\u00edz.<\/div>\n<\/div>\n<p>[\/vc_column_text][vc_column_text css_animation=&#8221;fadeInRight&#8221;]<\/p>\n<div class=\"row align-items-center my-3\">\n<div class=\"col-12 col-md-auto\"><img decoding=\"async\" src=\"https:\/\/corazonraiz.org\/wp-content\/uploads\/2024\/10\/gastos-voluntarios.svg\" alt=\"icons expenses\" width=\"91\" \/><\/div>\n<div class=\"col-12 col-md-9\">\n<p><strong>Coraz\u00f3n Ra\u00edz will only cover the food and lodging expenses<\/strong> for on-site volunteers. Transportation costs to the assigned project, whether by land or air, must be covered by the volunteer.<\/div>\n<\/div>\n<p>[\/vc_column_text][vc_column_text css_animation=&#8221;fadeInRight&#8221; el_class=&#8221;d-none&#8221;]<\/p>\n<div class=\"row align-items-center my-3\">\n<div class=\"col-12 col-md-auto\"><img decoding=\"async\" src=\"https:\/\/corazonraiz.org\/wp-content\/uploads\/2024\/10\/mente-abierta.svg\" alt=\"open mind icon\" width=\"91\" \/><\/div>\n<div class=\"col-12 col-md-9\">\n<p><strong>It is essential to have an open mind<\/strong>, a willingness to serve, and a positive attitude, as well as absolute respect for the culture, country, and people involved in the project.<\/div>\n<\/div>\n<div class=\"row align-items-center my-3\">\n<div class=\"col-12 col-md-auto\"><img decoding=\"async\" src=\"https:\/\/corazonraiz.org\/wp-content\/uploads\/2024\/10\/aceptacion-voluntarios.svg\" alt=\"icono aceptados\" width=\"91\" \/><\/div>\n<div class=\"col-12 col-md-9\">\n<p><strong>Los voluntarios<\/strong> que sean aceptados en nuestro Programa <strong>tendr\u00e1n responsabilidades y objetivos claros<\/strong> para apoyar a alguno de los proyectos activos.<\/div>\n<\/div>\n<div class=\"row align-items-center my-3\">\n<div class=\"col-12 col-md-auto\"><img decoding=\"async\" src=\"https:\/\/corazonraiz.org\/wp-content\/uploads\/2024\/10\/duracion-voluntariado.svg\" alt=\"icono duraci\u00f3n del voluntariado\" width=\"91\" \/><\/div>\n<div class=\"col-12 col-md-9\">\n<p><strong>La duraci\u00f3n del voluntariado depender\u00e1 del proyecto<\/strong> en el cual se haya aplicado y podr\u00e1 consultarse directamente con Coraz\u00f3n Ra\u00edz.<\/div>\n<\/div>\n<div class=\"row align-items-center my-3\">\n<div class=\"col-12 col-md-auto\"><img decoding=\"async\" src=\"https:\/\/corazonraiz.org\/wp-content\/uploads\/2024\/10\/gastos-voluntarios.svg\" alt=\"iconos gastos\" width=\"91\" \/><\/div>\n<div class=\"col-12 col-md-9\">\n<p><strong>Coraz\u00f3n Ra\u00edz \u00fanicamente cubrir\u00e1 los gastos de alimentaci\u00f3n y hospedaje<\/strong> para los voluntarios in situ. Los costos de transportaci\u00f3n para llegar al proyecto asignado ya sean terrestres o a\u00e9reos, deber\u00e1n ser cubiertos por el voluntario.<\/div>\n<\/div>\n<p>[\/vc_column_text][\/vc_column_inner][vc_column_inner width=&#8221;1\/2&#8243;][vc_column_text css_animation=&#8221;fadeInUp&#8221;]<strong>Get in Touch<\/strong><\/p>\n<p>If you want to apply for our Volunteer Program, please complete the following form, and we will contact you shortly.[\/vc_column_text]\n<div class=\"wpcf7 no-js\" id=\"wpcf7-f1298-o1\" lang=\"en-US\" dir=\"ltr\" data-wpcf7-id=\"1298\">\n<div class=\"screen-reader-response\"><p role=\"status\" aria-live=\"polite\" aria-atomic=\"true\"><\/p> <ul><\/ul><\/div>\n<form action=\"\/en\/wp-json\/wp\/v2\/pages\/762#wpcf7-f1298-o1\" method=\"post\" class=\"wpcf7-form init\" aria-label=\"Contact form\" novalidate=\"novalidate\" data-status=\"init\">\n<div style=\"display: none;\">\n<input type=\"hidden\" name=\"_wpcf7\" value=\"1298\" \/>\n<input type=\"hidden\" name=\"_wpcf7_version\" value=\"6.0.6\" \/>\n<input type=\"hidden\" name=\"_wpcf7_locale\" value=\"en_US\" \/>\n<input type=\"hidden\" name=\"_wpcf7_unit_tag\" value=\"wpcf7-f1298-o1\" \/>\n<input type=\"hidden\" name=\"_wpcf7_container_post\" value=\"0\" \/>\n<input type=\"hidden\" name=\"_wpcf7_posted_data_hash\" value=\"\" \/>\n<\/div>\n<div class=\"cf7-form\">\n\t<div class=\"row\">\n\t\t<div class=\"col-12 \">\n\t\t\t<p><span class=\"wpcf7-form-control-wrap\" data-name=\"nombre\"><input size=\"40\" maxlength=\"400\" class=\"wpcf7-form-control wpcf7-text wpcf7-validates-as-required\" aria-required=\"true\" aria-invalid=\"false\" placeholder=\"Name\" value=\"\" type=\"text\" name=\"nombre\" \/><\/span>\n\t\t\t<\/p>\n\t\t<\/div>\n\t\t<div class=\"col-12 \">\n\t\t\t<p><span class=\"wpcf7-form-control-wrap\" data-name=\"correo-electronico\"><input size=\"40\" maxlength=\"400\" class=\"wpcf7-form-control wpcf7-email wpcf7-validates-as-required wpcf7-text wpcf7-validates-as-email\" aria-required=\"true\" aria-invalid=\"false\" placeholder=\"Email\" value=\"\" type=\"email\" name=\"correo-electronico\" \/><\/span>\n\t\t\t<\/p>\n\t\t<\/div>\n\t<\/div>\n\t<div class=\"row\">\n\t\t<div class=\"col-12\">\n\t\t\t<p><span class=\"wpcf7-form-control-wrap\" data-name=\"telefono\"><input size=\"40\" maxlength=\"400\" class=\"wpcf7-form-control wpcf7-tel wpcf7-validates-as-required wpcf7-text wpcf7-validates-as-tel numbersOnly\" aria-required=\"true\" aria-invalid=\"false\" placeholder=\"Phone\" value=\"\" type=\"tel\" name=\"telefono\" \/><\/span>\n\t\t\t<\/p>\n\t\t<\/div>\n\t<\/div>\n\t<div class=\"row\">\n\t\t<div class=\"col-12\">\n\t\t\t<p><label>Type of volunteering <\/label><br \/>\n<span class=\"wpcf7-form-control-wrap\" data-name=\"tipo-voluntariado\"><select class=\"wpcf7-form-control wpcf7-select wpcf7-validates-as-required\" aria-required=\"true\" aria-invalid=\"false\" name=\"tipo-voluntariado\"><option value=\"\">&#8212;Please choose an option&#8212;<\/option><option value=\"Virtual Volunteer\">Virtual Volunteer<\/option><option value=\"On-Site Volunteer\">On-Site Volunteer<\/option><\/select><\/span>\n\t\t\t<\/p>\n\t\t<\/div>\n\t<\/div>\n\t<div class=\"row\">\n\t\t<div class=\"col-12\">\n\t\t\t<p><span class=\"wpcf7-form-control-wrap\" data-name=\"mensaje\"><textarea cols=\"40\" rows=\"10\" maxlength=\"2000\" class=\"wpcf7-form-control wpcf7-textarea\" aria-invalid=\"false\" placeholder=\"Write your message or inquiry here\" name=\"mensaje\"><\/textarea><\/span>\n\t\t\t<\/p>\n\t\t<\/div>\n\t<\/div>\n\t<div class=\"row\">\n\t\t<div class=\"col-12\">\n\t\t\t<p><span class=\"wpcf7-form-control-wrap\" data-name=\"aviso-privacidad\"><span class=\"wpcf7-form-control wpcf7-checkbox wpcf7-validates-as-required\"><span class=\"wpcf7-list-item first last\"><label><input type=\"checkbox\" name=\"aviso-privacidad[]\" value=\"I have read and accept the privacy notice.\" \/><span class=\"wpcf7-list-item-label\">I have read and accept the privacy notice.<\/span><\/label><\/span><\/span><\/span>\n\t\t\t<\/p>\n\t\t<\/div>\n\t\t<div class=\"col-12\">\n\t\t\t<p><span class=\"wpcf7-form-control-wrap\" data-name=\"recibir-comunicacion\"><span class=\"wpcf7-form-control wpcf7-checkbox\"><span class=\"wpcf7-list-item first last\"><label><input type=\"checkbox\" name=\"recibir-comunicacion[]\" value=\"I agree to receive communication from Fundaci\u00f3n Coraz\u00f3n Ra\u00edz\" \/><span class=\"wpcf7-list-item-label\">I agree to receive communication from Fundaci\u00f3n Coraz\u00f3n Ra\u00edz<\/span><\/label><\/span><\/span><\/span>\n\t\t\t<\/p>\n\t\t<\/div>\n\t<\/div>\n\t<div class=\"row\">\n\t\t<div class=\"col-12 col-lg-6\">\n\t\t<\/div>\n\t\t<div class=\"col-12 col-lg-6\">\n\t\t\t<p><input class=\"wpcf7-form-control wpcf7-submit has-spinner btn-secondary\" type=\"submit\" value=\"Send message\" \/>\n\t\t\t<\/p>\n\t\t<\/div>\n\t<\/div>\n<\/div><input type='hidden' class='wpcf7-pum' value='{\"closepopup\":false,\"closedelay\":0,\"openpopup\":false,\"openpopup_id\":0}' \/><div class=\"wpcf7-response-output\" aria-hidden=\"true\"><\/div>\n<\/form>\n<\/div>\n[\/vc_column_inner][\/vc_row_inner][vc_empty_space][\/vc_column][\/vc_row][\/vc_section][vc_section][vc_row el_class=&#8221;container mx-auto px-lg-5&#8243;][vc_column][vc_empty_space height=&#8221;52px&#8221;][vc_row_inner equal_height=&#8221;yes&#8221; content_placement=&#8221;middle&#8221; el_class=&#8221;container mx-auto&#8221;][vc_column_inner]\n            <div class=\"contenedor-titulo-destacado  wpb_animate_when_almost_visible wpb_fadeInUp fadeInUp mb-3\">\n                <h2 id=\"eventos\" class=\"h4 text-crayon text-center \" style=\"color:#f6861f;\">\n                    Cause-Driven Experiences\n                <\/h2>\n            <\/div>\n        [vc_column_text css_animation=&#8221;fadeInUp&#8221; el_class=&#8221;text-center&#8221;]<\/p>\n<p class=\"h2\"><strong>Every month we have amazing events that you can participate in.<\/strong><\/p>\n<p>All funds raised in these events are allocated to the development of our projects.[\/vc_column_text][\/vc_column_inner][\/vc_row_inner][vc_row_inner equal_height=&#8221;yes&#8221; content_placement=&#8221;middle&#8221; el_class=&#8221;container mx-auto px-lg-5&#8243;][vc_column_inner]\n            <div class=\"row align-items-stretch\">\n        \n                    <div class=\"col-md-6\">\n                        <div id=\"evento-1296\" class=\"eventos-single  h-100 d-flex flex-column\">\n                            <img decoding=\"async\" class=\"w-100\" src=\"https:\/\/corazonraiz.org\/wp-content\/uploads\/2024\/10\/evento-hike.webp\" title=\"Hike for a Cause\" alt=\"Hike for a Cause\">\n                            <p class=\"text-center h5 my-3\"><b>Hike for a Cause<\/b><\/p>\n                            <div class=\"info-content d-flex flex-column h-100 justify-content-between\">\n                            <p style=\"text-align: center;\">Discover the majesty of this waterfall at the foot of Iztaccihuatl while contributing to the education of Nahua indigenous communities.<\/p>\n<p style=\"text-align: center;\"><button class=\"vc_general vc_btn3 vc_btn3-size-md vc_btn3-shape-rounded vc_btn3-style-custom\" style=\"background-color: #f98401; color: #ffffff;\">I want to participate<\/button><\/p>\n                            <\/div>\n                        <\/div>\n                    <\/div>\n            \n                    <div class=\"col-md-6\">\n                        <div id=\"evento-1297\" class=\"eventos-single  h-100 d-flex flex-column\">\n                            <img decoding=\"async\" class=\"w-100\" src=\"https:\/\/corazonraiz.org\/wp-content\/uploads\/2024\/10\/evento-yoga.webp\" title=\"Yoga for a Cause\" alt=\"Yoga for a Cause\">\n                            <p class=\"text-center h5 my-3\"><b>Yoga for a Cause<\/b><\/p>\n                            <div class=\"info-content d-flex flex-column h-100 justify-content-between\">\n                            <p style=\"text-align: center;\">Join us for a special yoga and sound healing class on June 22 at 12:00 PM. Not only will you connect with yourself and improve your well-being, but you will also be supporting educational projects in vulnerable areas. <\/p>\n<p style=\"text-align: center;\"><button class=\"vc_general vc_btn3 vc_btn3-size-md vc_btn3-shape-rounded vc_btn3-style-custom\" style=\"background-color: #f98401; color: #ffffff;\">I want to participate<\/button><\/p>\n                            <\/div>\n                        <\/div>\n                    <\/div>\n             \n            <\/div>[\/vc_column_inner][\/vc_row_inner][vc_empty_space][\/vc_column][\/vc_row][\/vc_section]<\/p>\n","protected":false},"excerpt":{"rendered":"<p>[vc_section full_width=&#8221;stretch_row_content&#8221; css_animation=&#8221;slideInUp&#8221;][vc_row full_width=&#8221;stretch_row_content_no_spaces&#8221;][vc_column][\/vc_column][\/vc_row][\/vc_section][vc_section][vc_row][vc_column][vc_row_inner equal_height=&#8221;yes&#8221; content_placement=&#8221;middle&#8221; el_class=&#8221;container mx-auto&#8221;][vc_column_inner][vc_column_text css_animation=&#8221;fadeInUp&#8221; el_class=&#8221;text-center&#8221;] With your donation, you are supporting the development of vulnerable indigenous and rural communities. [\/vc_column_text][\/vc_column_inner][\/vc_row_inner][\/vc_column][\/vc_row][\/vc_section][vc_section full_width=&#8221;stretch_row_content&#8221;][vc_row css_animation=&#8221;appear&#8221; css=&#8221;.vc_custom_1730920172659{background-color: #f7f7f7 !important;}&#8221;][vc_column][vc_empty_space height=&#8221;53px&#8221;][vc_row_inner equal_height=&#8221;yes&#8221; content_placement=&#8221;middle&#8221; el_class=&#8221;container mx-auto&#8221;][vc_column_inner width=&#8221;1\/2&#8243;][vc_column_text css_animation=&#8221;fadeInUp&#8221;] Make a cash donation As a donor to Fundaci\u00f3n Coraz\u00f3n Ra\u00edz, we ensure your donation reaches those who [&#8230;]<\/p>\n<p><a class=\"btn btn-secondary understrap-read-more-link\" href=\"https:\/\/corazonraiz.org\/en\/eventos\/yoga-for-a-cause\/\">Read More&#8230;<span class=\"screen-reader-text\"> from Yoga for a Cause<\/span><\/a><\/p>\n","protected":false},"author":4,"featured_media":0,"parent":0,"menu_order":0,"comment_status":"closed","ping_status":"closed","template":"page-templates\/no-title.php","meta":{"give_campaign_id":0,"footnotes":""},"class_list":["post-762","page","type-page","status-publish","hentry"],"campaignId":"","_links":{"self":[{"href":"https:\/\/corazonraiz.org\/en\/wp-json\/wp\/v2\/pages\/762","targetHints":{"allow":["GET"]}}],"collection":[{"href":"https:\/\/corazonraiz.org\/en\/wp-json\/wp\/v2\/pages"}],"about":[{"href":"https:\/\/corazonraiz.org\/en\/wp-json\/wp\/v2\/types\/page"}],"author":[{"embeddable":true,"href":"https:\/\/corazonraiz.org\/en\/wp-json\/wp\/v2\/users\/4"}],"replies":[{"embeddable":true,"href":"https:\/\/corazonraiz.org\/en\/wp-json\/wp\/v2\/comments?post=762"}],"version-history":[{"count":10,"href":"https:\/\/corazonraiz.org\/en\/wp-json\/wp\/v2\/pages\/762\/revisions"}],"predecessor-version":[{"id":1450,"href":"https:\/\/corazonraiz.org\/en\/wp-json\/wp\/v2\/pages\/762\/revisions\/1450"}],"wp:attachment":[{"href":"https:\/\/corazonraiz.org\/en\/wp-json\/wp\/v2\/media?parent=762"}],"curies":[{"name":"wp","href":"https:\/\/api.w.org\/{rel}","templated":true}]}}